{"id":3008,"date":"2023-08-21T07:23:10","date_gmt":"2023-08-21T10:23:10","guid":{"rendered":"https:\/\/barreto.com.ar\/privacy-policy\/"},"modified":"2024-03-20T10:28:10","modified_gmt":"2024-03-20T13:28:10","slug":"privacy-policy","status":"publish","type":"page","link":"https:\/\/barreto.com.ar\/en\/privacy-policy\/","title":{"rendered":"Privacy Policy"},"content":{"rendered":"<section class=\"l-section wpb_row height_huge with_img\"><div class=\"l-section-img\" role=\"img\" aria-label=\"Barreto Restaurante Parrilla\" data-img-width=\"1800\" data-img-height=\"800\" style=\"background-image: url(https:\/\/barreto.com.ar\/wp-content\/uploads\/2023\/08\/blr_encabezado_politicaDePrivacidad.jpg);\"><\/div><div class=\"l-section-overlay\" style=\"background:linear-gradient(180deg,#1d1815,rgba(0,0,0,0.00))\"><\/div><div class=\"l-section-h i-cf\"><div class=\"g-cols vc_row via_grid cols_1 laptops-cols_inherit tablets-cols_inherit mobiles-cols_1 valign_top type_default stacking_default\"><div class=\"wpb_column vc_column_container\"><div class=\"vc_column-inner\"><div class=\"wpb_text_column us_custom_6df4bc3a has_text_color\"><div class=\"wpb_wrapper\"><p>THIS WEBSITE USES COOKIES<\/p>\n<\/div><\/div><h1 class=\"w-post-elm post_title entry-title color_link_inherit\">Privacy Policy<\/h1><\/div><\/div><\/div><\/div><\/section><section class=\"l-section wpb_row height_medium\"><div class=\"l-section-h i-cf\"><div class=\"g-cols vc_row via_grid cols_1 laptops-cols_inherit tablets-cols_inherit mobiles-cols_1 valign_top type_default stacking_default\"><div class=\"wpb_column vc_column_container\"><div class=\"vc_column-inner\"><div class=\"wpb_text_column\"><div class=\"wpb_wrapper\"><p>&#13;<\/p>\n<p>El presente <strong>Pol\u00edtica de Privacidad<\/strong> establece los t\u00e9rminos en que usa y protege la informaci\u00f3n que es proporcionada por sus usuarios al momento de utilizar este sitio web. Este sitio web <strong>https:\/\/www.c1532367.ferozo.com<\/strong> est\u00e1 comprometido con la seguridad de los datos de sus usuarios. Cuando le pedimos llenar los campos de informaci\u00f3n personal con la cual usted pueda ser identificado, lo hacemos asegurando que s\u00f3lo se emplear\u00e1 de acuerdo con los t\u00e9rminos de este documento. Sin embargo esta Pol\u00edtica de Privacidad puede cambiar con el tiempo o ser actualizada por lo que le recomendamos y enfatizamos revisar continuamente esta p\u00e1gina para asegurarse que est\u00e1 de acuerdo con dichos cambios.<\/p>\n<p>&#13;<\/p>\n<p><strong>Uso de los Sitios exclusivo para mayores<\/strong><\/p>\n<p>&#13;<\/p>\n<p>Nuestros servicios s\u00f3lo est\u00e1n disponibles para aquellas personas mayores de 18 a\u00f1os y que tengan capacidad legal para contratar. Por lo tanto, aquellos que no cumplan con esta condici\u00f3n deber\u00e1n abstenerse de suministrar informaci\u00f3n personal para ser inclu\u00edda en nuestras bases de datos y\/o sistema.<\/p>\n<p>&#13;<\/p>\n<p><strong>Sobre la Informaci\u00f3n solicitada<\/strong><\/p>\n<p>&#13;<\/p>\n<p>Nuestro sitio web <strong>https:\/\/www.c1532367.ferozo.com<\/strong> podr\u00e1 recoger informaci\u00f3n personal por ejemplo: Nombre, informaci\u00f3n de contacto como su direcci\u00f3n de correo electr\u00f3nica e informaci\u00f3n demogr\u00e1fica. As\u00ed mismo cuando sea necesario podr\u00e1 ser requerida informaci\u00f3n espec\u00edfica para procesar alg\u00fan pedido.<\/p>\n<p>&#13;<\/p>\n<p><strong>Informaci\u00f3n personal de identificaci\u00f3n inexacta<\/strong><\/p>\n<p>&#13;<\/p>\n<p>En caso que el Usuario proporcione datos inexactos y\/o ambiguos, no podr\u00e1 recibir respuesta a su solicitud, consulta o queja, ni podr\u00e1 recibir informaci\u00f3n por parte de la Empresa. La Empresa no se responsabiliza por las consecuencias que deriven de la inexactitud de los datos proporcionados por los Usuarios del sitio web <strong>https:\/\/www.c1532367.ferozo.com<\/strong><br \/>Ser\u00e1 exclusiva responsabilidad del Usuario la veracidad de los datos personales insertos en nuestro sitio web.<\/p>\n<p>&#13;<\/p>\n<p><strong>Uso de la informaci\u00f3n solicitada<\/strong><\/p>\n<p>&#13;<\/p>\n<p>Nuestro sitio web <strong>https:\/\/www.c1532367.ferozo.com<\/strong> emplea la informaci\u00f3n con el fin de proporcionar el mejor servicio posible, particularmente para mantener un registro de usuarios, de pedidos en caso que aplique, y mejorar nuestros productos y servicios.<\/p>\n<p>&#13;<\/p>\n<p>Nuestro sitio web <strong>https:\/\/www.c1532367.ferozo.com<\/strong> est\u00e1 altamente comprometido para cumplir con el compromiso de mantener su informaci\u00f3n segura. Usamos los sistemas m\u00e1s avanzados y los actualizamos constantemente para asegurarnos que no exista ning\u00fan acceso no autorizado.<\/p>\n<p>&#13;<\/p>\n<p><strong>Sobre las Cookies<\/strong><\/p>\n<p>&#13;<\/p>\n<p>Una cookie se refiere a un fichero que es enviado con la finalidad de solicitar permiso para almacenarse en su ordenador, al aceptar dicho fichero se crea y la cookie sirve entonces para tener informaci\u00f3n respecto al tr\u00e1fico web, y tambi\u00e9n facilita las futuras visitas a una web recurrente. Otra funci\u00f3n que tienen las cookies es que con ellas <strong>https:\/\/www.c1532367.ferozo.com<\/strong> pueden reconocerte individualmente y por tanto brindarle el mejor servicio personalizado de nuestro sitio web.<\/p>\n<p>&#13;<\/p>\n<p>Nuestro sitio web <strong>https:\/\/www.c1532367.ferozo.com<\/strong> emplea las cookies para poder identificar las p\u00e1ginas que son visitadas y su frecuencia. Esta informaci\u00f3n es empleada \u00fanicamente para an\u00e1lisis estad\u00edstico y despu\u00e9s la informaci\u00f3n se elimina de forma permanente. Usted puede eliminar las cookies en cualquier momento desde su ordenador. Sin embargo las cookies ayudan a proporcionar un mejor servicio de los sitios web, est\u00e1s no dan acceso a informaci\u00f3n de su ordenador ni de usted, a menos de que usted as\u00ed lo quiera y la proporcione directamente. Usted puede aceptar o negar el uso de cookies, sin embargo la mayor\u00eda de navegadores aceptan cookies autom\u00e1ticamente pues sirve para tener un mejor servicio web. Tambi\u00e9n usted puede cambiar la configuraci\u00f3n de su ordenador para declinar las cookies. Si se declinan es posible que no pueda utilizar algunos de nuestros servicios.<\/p>\n<p>&#13;<\/p>\n<p><strong>Enlaces a Terceros<\/strong><\/p>\n<p>&#13;<\/p>\n<p>Este sitio web<strong> https:\/\/www.c1532367.ferozo.com<\/strong> pudiera contener enlaces a otros sitios que pudieran ser de su inter\u00e9s. Una vez que usted de clic en estos enlaces y abandone nuestra p\u00e1gina, ya no tenemos control sobre al sitio al que es redirigido y por lo tanto no somos responsables de los t\u00e9rminos o privacidad ni de la protecci\u00f3n de sus datos en esos otros sitios terceros. Dichos sitios est\u00e1n sujetos a sus propias pol\u00edticas de privacidad por lo cual es recomendable que los consulte para confirmar que usted est\u00e1 de acuerdo con estas.<\/p>\n<p>&#13;<\/p>\n<p><strong>Control de su informaci\u00f3n personal<\/strong><\/p>\n<p>&#13;<\/p>\n<p>En cualquier momento usted puede restringir la recopilaci\u00f3n o el uso de la informaci\u00f3n personal que es proporcionada a nuestro sitio web. Cada vez que se le solicite rellenar un formulario, como el de alta de usuario, puede marcar o desmarcar la opci\u00f3n de recibir informaci\u00f3n por correo electr\u00f3nico. En caso de que haya marcado la opci\u00f3n de recibir nuestro bolet\u00edn o publicidad usted puede cancelarla en cualquier momento.<\/p>\n<p>&#13;<\/p>\n<p>Nuestro sitio web <strong>https:\/\/www.c1532367.ferozo.com<\/strong> no vender\u00e1, ceder\u00e1 ni distribuir\u00e1 la informaci\u00f3n personal que es recopilada sin su consentimiento, salvo que sea requerido por un juez con un orden judicial.<\/p>\n<p>&#13;<\/p>\n<p><strong>Fallas del servicio de Internet<\/strong><\/p>\n<p>&#13;<\/p>\n<p>Usted acepta y reconoce como usuario que el sitio web <strong>https:\/\/www.c1532367.ferozo.com<\/strong>\u00a0puede no estar disponible por circunstancias ajenas a nosotros, por lo tanto el sitio web no puede garantizar la inexistencia de posibles fallas t\u00e9cnicas en el sistema que opera el sitio en Internet.<\/p>\n<p>&#13;<\/p>\n<p>Se reserva el derecho de cambiar los t\u00e9rminos de la presente Pol\u00edtica de Privacidad en cualquier momento.<\/p>\n<p>&#13;<\/p>\n<p><strong>\u00daltima actualizaci\u00f3n efectuada el 24\/08\/2023<\/strong><\/p>\n<p>&#13;<\/p>\n<\/div><\/div><\/div><\/div><\/div><\/div><\/section>\n","protected":false},"excerpt":{"rendered":"THIS WEBSITE USES COOKIES Privacy Policy &#13; El presente Pol\u00edtica de Privacidad establece los t\u00e9rminos en que usa y protege la informaci\u00f3n que es proporcionada por sus usuarios al momento de utilizar este sitio web. Este sitio web https:\/\/www.c1532367.ferozo.com est\u00e1 comprometido con la seguridad de los datos de sus usuarios. Cuando le pedimos llenar los...","protected":false},"author":1,"featured_media":0,"parent":0,"menu_order":0,"comment_status":"closed","ping_status":"open","template":"","meta":{"_joinchat":[],"footnotes":""},"class_list":["post-3008","page","type-page","status-publish","hentry"],"yoast_head":"<!-- This site is optimized with the Yoast SEO plugin v27.4 - https:\/\/yoast.com\/product\/yoast-seo-wordpress\/ -->\n<title>Privacy Policy - Barreto La Rural<\/title>\n<meta name=\"robots\" content=\"index, follow, max-snippet:-1, max-image-preview:large, max-video-preview:-1\" \/>\n<link rel=\"canonical\" href=\"https:\/\/barreto.com.ar\/en\/privacy-policy\/\" \/>\n<meta property=\"og:locale\" content=\"en_US\" \/>\n<meta property=\"og:type\" content=\"article\" \/>\n<meta property=\"og:title\" content=\"Privacy Policy - Barreto La Rural\" \/>\n<meta property=\"og:url\" content=\"https:\/\/barreto.com.ar\/en\/privacy-policy\/\" \/>\n<meta property=\"og:site_name\" content=\"Barreto La Rural\" \/>\n<meta property=\"article:publisher\" content=\"https:\/\/www.facebook.com\/profile.php?id=61550251381737\" \/>\n<meta property=\"article:modified_time\" content=\"2024-03-20T13:28:10+00:00\" \/>\n<meta name=\"twitter:card\" content=\"summary_large_image\" \/>\n<meta name=\"twitter:label1\" content=\"Est. reading time\" \/>\n\t<meta name=\"twitter:data1\" content=\"5 minutes\" \/>\n<script type=\"application\/ld+json\" class=\"yoast-schema-graph\">{\"@context\":\"https:\\\/\\\/schema.org\",\"@graph\":[{\"@type\":\"WebPage\",\"@id\":\"https:\\\/\\\/barreto.com.ar\\\/en\\\/privacy-policy\\\/\",\"url\":\"https:\\\/\\\/barreto.com.ar\\\/en\\\/privacy-policy\\\/\",\"name\":\"Privacy Policy - Barreto La Rural\",\"isPartOf\":{\"@id\":\"https:\\\/\\\/barreto.com.ar\\\/en\\\/#website\"},\"datePublished\":\"2023-08-21T10:23:10+00:00\",\"dateModified\":\"2024-03-20T13:28:10+00:00\",\"breadcrumb\":{\"@id\":\"https:\\\/\\\/barreto.com.ar\\\/en\\\/privacy-policy\\\/#breadcrumb\"},\"inLanguage\":\"en-US\",\"potentialAction\":[{\"@type\":\"ReadAction\",\"target\":[\"https:\\\/\\\/barreto.com.ar\\\/en\\\/privacy-policy\\\/\"]}]},{\"@type\":\"BreadcrumbList\",\"@id\":\"https:\\\/\\\/barreto.com.ar\\\/en\\\/privacy-policy\\\/#breadcrumb\",\"itemListElement\":[{\"@type\":\"ListItem\",\"position\":1,\"name\":\"Inicio\",\"item\":\"https:\\\/\\\/barreto.com.ar\\\/en\\\/\"},{\"@type\":\"ListItem\",\"position\":2,\"name\":\"Privacy Policy\"}]},{\"@type\":\"WebSite\",\"@id\":\"https:\\\/\\\/barreto.com.ar\\\/en\\\/#website\",\"url\":\"https:\\\/\\\/barreto.com.ar\\\/en\\\/\",\"name\":\"Barreto La Rural\",\"description\":\"\",\"potentialAction\":[{\"@type\":\"SearchAction\",\"target\":{\"@type\":\"EntryPoint\",\"urlTemplate\":\"https:\\\/\\\/barreto.com.ar\\\/en\\\/?s={search_term_string}\"},\"query-input\":{\"@type\":\"PropertyValueSpecification\",\"valueRequired\":true,\"valueName\":\"search_term_string\"}}],\"inLanguage\":\"en-US\"}]}<\/script>\n<!-- \/ Yoast SEO plugin. -->","yoast_head_json":{"title":"Privacy Policy - Barreto La Rural","robots":{"index":"index","follow":"follow","max-snippet":"max-snippet:-1","max-image-preview":"max-image-preview:large","max-video-preview":"max-video-preview:-1"},"canonical":"https:\/\/barreto.com.ar\/en\/privacy-policy\/","og_locale":"en_US","og_type":"article","og_title":"Privacy Policy - Barreto La Rural","og_url":"https:\/\/barreto.com.ar\/en\/privacy-policy\/","og_site_name":"Barreto La Rural","article_publisher":"https:\/\/www.facebook.com\/profile.php?id=61550251381737","article_modified_time":"2024-03-20T13:28:10+00:00","twitter_card":"summary_large_image","twitter_misc":{"Est. reading time":"5 minutes"},"schema":{"@context":"https:\/\/schema.org","@graph":[{"@type":"WebPage","@id":"https:\/\/barreto.com.ar\/en\/privacy-policy\/","url":"https:\/\/barreto.com.ar\/en\/privacy-policy\/","name":"Privacy Policy - Barreto La Rural","isPartOf":{"@id":"https:\/\/barreto.com.ar\/en\/#website"},"datePublished":"2023-08-21T10:23:10+00:00","dateModified":"2024-03-20T13:28:10+00:00","breadcrumb":{"@id":"https:\/\/barreto.com.ar\/en\/privacy-policy\/#breadcrumb"},"inLanguage":"en-US","potentialAction":[{"@type":"ReadAction","target":["https:\/\/barreto.com.ar\/en\/privacy-policy\/"]}]},{"@type":"BreadcrumbList","@id":"https:\/\/barreto.com.ar\/en\/privacy-policy\/#breadcrumb","itemListElement":[{"@type":"ListItem","position":1,"name":"Inicio","item":"https:\/\/barreto.com.ar\/en\/"},{"@type":"ListItem","position":2,"name":"Privacy Policy"}]},{"@type":"WebSite","@id":"https:\/\/barreto.com.ar\/en\/#website","url":"https:\/\/barreto.com.ar\/en\/","name":"Barreto La Rural","description":"","potentialAction":[{"@type":"SearchAction","target":{"@type":"EntryPoint","urlTemplate":"https:\/\/barreto.com.ar\/en\/?s={search_term_string}"},"query-input":{"@type":"PropertyValueSpecification","valueRequired":true,"valueName":"search_term_string"}}],"inLanguage":"en-US"}]}},"_hostinger_reach_plugin_has_subscription_block":false,"_hostinger_reach_plugin_is_elementor":false,"_links":{"self":[{"href":"https:\/\/barreto.com.ar\/en\/wp-json\/wp\/v2\/pages\/3008","targetHints":{"allow":["GET"]}}],"collection":[{"href":"https:\/\/barreto.com.ar\/en\/wp-json\/wp\/v2\/pages"}],"about":[{"href":"https:\/\/barreto.com.ar\/en\/wp-json\/wp\/v2\/types\/page"}],"author":[{"embeddable":true,"href":"https:\/\/barreto.com.ar\/en\/wp-json\/wp\/v2\/users\/1"}],"replies":[{"embeddable":true,"href":"https:\/\/barreto.com.ar\/en\/wp-json\/wp\/v2\/comments?post=3008"}],"version-history":[{"count":11,"href":"https:\/\/barreto.com.ar\/en\/wp-json\/wp\/v2\/pages\/3008\/revisions"}],"predecessor-version":[{"id":3023,"href":"https:\/\/barreto.com.ar\/en\/wp-json\/wp\/v2\/pages\/3008\/revisions\/3023"}],"wp:attachment":[{"href":"https:\/\/barreto.com.ar\/en\/wp-json\/wp\/v2\/media?parent=3008"}],"curies":[{"name":"wp","href":"https:\/\/api.w.org\/{rel}","templated":true}]}}