{"id":2918,"date":"2023-08-21T15:49:49","date_gmt":"2023-08-21T18:49:49","guid":{"rendered":"https:\/\/barreto.com.ar\/nossa-historia\/"},"modified":"2024-03-18T08:49:33","modified_gmt":"2024-03-18T11:49:33","slug":"nossa-historia","status":"publish","type":"page","link":"https:\/\/barreto.com.ar\/pt-br\/nossa-historia\/","title":{"rendered":"Nossa hist\u00f3ria"},"content":{"rendered":"<section class=\"l-section wpb_row height_huge with_img\"><div class=\"l-section-img\" role=\"img\" aria-label=\"Barreto Restaurante Parrilla\" data-img-width=\"1800\" data-img-height=\"800\" style=\"background-image: url(https:\/\/barreto.com.ar\/wp-content\/uploads\/2023\/08\/blr_encabezado_historia.jpg);\"><\/div><div class=\"l-section-overlay\" style=\"background:linear-gradient(180deg,#1d1815,rgba(0,0,0,0.00))\"><\/div><div class=\"l-section-h i-cf\"><div class=\"g-cols vc_row via_grid cols_1 laptops-cols_inherit tablets-cols_inherit mobiles-cols_1 valign_top type_default stacking_default\"><div class=\"wpb_column vc_column_container\"><div class=\"vc_column-inner\"><div class=\"wpb_text_column us_custom_4adbe676 has_text_color\"><div class=\"wpb_wrapper\"><p>COM ORGULHO PARRILLERO<\/p>\n<\/div><\/div><h1 class=\"w-post-elm post_title entry-title color_link_inherit\">Nossa hist\u00f3ria<\/h1><\/div><\/div><\/div><\/div><\/section><section class=\"l-section wpb_row height_medium\"><div class=\"l-section-h i-cf\"><div class=\"g-cols vc_row via_grid cols_2 laptops-cols_inherit tablets-cols_inherit mobiles-cols_1 valign_top type_default stacking_default\"><div class=\"wpb_column vc_column_container\"><div class=\"vc_column-inner\"><div class=\"w-image us_custom_a518f36e us_animate_this align_none\"><div class=\"w-image-h\"><img decoding=\"async\" width=\"800\" height=\"1000\" src=\"https:\/\/barreto.com.ar\/wp-content\/uploads\/2023\/08\/historia_mesa.jpg\" class=\"attachment-large size-large\" alt=\"\" loading=\"lazy\" \/><\/div><\/div><\/div><\/div><div class=\"wpb_column vc_column_container\"><div class=\"vc_column-inner\"><div class=\"w-separator us_custom_1f257949 size_small\"><\/div><div class=\"wpb_text_column us_custom_3b17de68 has_text_color\"><div class=\"wpb_wrapper\"><h5>EXPERI\u00caNCIA GASTRON\u00d4MICA<\/h5>\n<\/div><\/div><div class=\"w-separator us_custom_1f257949 size_small\"><\/div><div class=\"wpb_text_column us_custom_3b17de68 has_text_color\"><div class=\"wpb_wrapper\"><h1>Quem somos?<\/h1>\n<\/div><\/div><div class=\"w-separator us_custom_1f257949 size_small\"><\/div><div class=\"wpb_text_column us_custom_6f27d745\"><div class=\"wpb_wrapper\"><p>_________________<\/p>\n<\/div><\/div><div class=\"w-separator size_small\"><\/div><div class=\"wpb_text_column\"><div class=\"wpb_wrapper\"><p><strong>Barreto<\/strong> nasce da experi\u00eancia de mais de 20 anos no mundo gastron\u00f4mico. Somos uma equipe que trabalha dia a dia para elaborar experi\u00eancias para nossos clientes, compartilhando o melhor do <em>Sabor Argentino.<\/em><\/p>\n<p>No <strong>Barreto<\/strong> Sabor Argentino,<\/p>\n<blockquote>\n<p>a carne \u00e9 a protagonista.<\/p>\n<\/blockquote>\n<p>Aqui no <strong>Barreto<\/strong> buscamos que o nosso cliente vivencie uma experi\u00eancia gastron\u00f4mica de alta qualidade, com pratos que representam a argentinidade, mas com um toque de originalidade e inova\u00e7\u00e3o em cada corte de carne, cada acompanhamento, em cada prato e em cada ta\u00e7a sem deixar de lado aqueles que preferem um bom prato de massa caseira ou uma proposta completa de vegetais frescos e assados.<\/p>\n<\/div><\/div><div class=\"w-separator size_small\"><\/div><div class=\"wpb_text_column us_custom_6f27d745\"><div class=\"wpb_wrapper\"><p>_________________<\/p>\n<\/div><\/div><\/div><\/div><\/div><\/div><\/section><section class=\"l-section wpb_row height_medium\"><div class=\"l-section-h i-cf\"><div class=\"g-cols vc_row via_grid cols_2 laptops-cols_inherit tablets-cols_inherit mobiles-cols_1 valign_top type_default stacking_default\"><div class=\"wpb_column vc_column_container\"><div class=\"vc_column-inner\"><div class=\"w-image us_custom_a518f36e us_animate_this align_none\"><div class=\"w-image-h\"><img decoding=\"async\" width=\"800\" height=\"1000\" src=\"https:\/\/barreto.com.ar\/wp-content\/uploads\/2023\/08\/historia_frente.jpg\" class=\"attachment-large size-large\" alt=\"\" loading=\"lazy\" \/><\/div><\/div><\/div><\/div><div class=\"wpb_column vc_column_container\"><div class=\"vc_column-inner\"><div class=\"w-separator us_custom_1f257949 size_small\"><\/div><div class=\"wpb_text_column us_custom_3b17de68 has_text_color\"><div class=\"wpb_wrapper\"><h5>TUDO TEM SUAS RA\u00cdZES<\/h5>\n<\/div><\/div><div class=\"w-separator us_custom_1f257949 size_small\"><\/div><div class=\"wpb_text_column us_custom_3b17de68 has_text_color\"><div class=\"wpb_wrapper\"><h1>Por que Barreto?<\/h1>\n<\/div><\/div><div class=\"w-separator us_custom_1f257949 size_small\"><\/div><div class=\"wpb_text_column us_custom_6f27d745\"><div class=\"wpb_wrapper\"><p>_________________<\/p>\n<\/div><\/div><div class=\"w-separator size_small\"><\/div><div class=\"wpb_text_column\"><div class=\"wpb_wrapper\"><p><strong>Barreto<\/strong> era um s\u00f3cio da <em>Sociedade Rural Argentina<\/em> que, a cada ano em sua visita \u00e0 exposi\u00e7\u00e3o pecu\u00e1ria, costumava visitar o Restaurante Central que ficava dentro do pr\u00e9dio da feira.<br \/>\nTodo ano, nessa \u00e9poca, ele chegava cedo para fazer seu pedido: um corte de 1 kg do centro do fil\u00e9 mignon. O cozinheiro j\u00e1 conhecia a frase de <strong>Barreto<\/strong> &#8220;<em>\u00e0s 13:00 estou pronto para o almo\u00e7o<\/em>&#8220;, e assim tudo estava preparado para receb\u00ea-lo como todos os anos.<br \/>\n\u00c0s 13 horas em ponto ele estava sentado em sua mesa e o gar\u00e7om que o atendia j\u00e1 sabia que devia pedir ao cozinheiro <em><strong>\u201c<\/strong><strong>El Barreto<\/strong>\u201d<\/em>, pois havia chegado o dono daquele corte t\u00e3o apreciado<br \/>\n\u00c9 dessa lenda que nasce o corte que hoje leva o nome de <strong>\u201cBarreto<\/strong>\u201d, com o n\u00famero 13 como emblema da pontualidade, dos bons costumes e do prazer de desfrutar de um \u00f3timo corte argentino.<\/p>\n<\/div><\/div><div class=\"w-separator size_small\"><\/div><div class=\"wpb_text_column us_custom_6f27d745\"><div class=\"wpb_wrapper\"><p>_________________<\/p>\n<\/div><\/div><\/div><\/div><\/div><\/div><\/section><section class=\"l-section wpb_row height_medium\"><div class=\"l-section-h i-cf\"><div class=\"g-cols vc_row via_grid cols_2 laptops-cols_inherit tablets-cols_inherit mobiles-cols_1 valign_top type_default stacking_default\"><div class=\"wpb_column vc_column_container\"><div class=\"vc_column-inner\"><div class=\"w-image us_custom_a518f36e us_animate_this align_none\"><div class=\"w-image-h\"><img decoding=\"async\" width=\"800\" height=\"1000\" src=\"https:\/\/barreto.com.ar\/wp-content\/uploads\/2023\/08\/historia_lomo.jpg\" class=\"attachment-large size-large\" alt=\"\" loading=\"lazy\" \/><\/div><\/div><\/div><\/div><div class=\"wpb_column vc_column_container\"><div class=\"vc_column-inner\"><div class=\"w-separator us_custom_1f257949 size_small\"><\/div><div class=\"wpb_text_column us_custom_3b17de68 has_text_color\"><div class=\"wpb_wrapper\"><h5>SABOR ARGENTINO<\/h5>\n<\/div><\/div><div class=\"w-separator us_custom_1f257949 size_small\"><\/div><div class=\"wpb_text_column us_custom_3b17de68 has_text_color\"><div class=\"wpb_wrapper\"><h1>Especialistas em carnes<\/h1>\n<\/div><\/div><div class=\"w-separator us_custom_1f257949 size_small\"><\/div><div class=\"wpb_text_column us_custom_6f27d745\"><div class=\"wpb_wrapper\"><p>_________________<\/p>\n<\/div><\/div><div class=\"w-separator size_small\"><\/div><div class=\"wpb_text_column\"><div class=\"wpb_wrapper\"><p>O <strong>Barreto<\/strong> \u00e9 um restaurante e parrilla especializado em carnes argentinas. Estamos localizados no cora\u00e7\u00e3o da <em>Sociedade Rural Argentina<\/em> e \u00e9 ali onde conectamos o campo e a cidade em um espa\u00e7o que oferece tradi\u00e7\u00e3o e inova\u00e7\u00e3o em cada prato.<\/p>\n<p>No <strong>Barreto<\/strong>, homenageamos a tradi\u00e7\u00e3o das carnes argentinas com op\u00e7\u00f5es assadas na parrilla, no forno de pedra e de barro.<\/p>\n<\/div><\/div><div class=\"w-separator size_small\"><\/div><div class=\"wpb_text_column us_custom_6f27d745\"><div class=\"wpb_wrapper\"><p>_________________<\/p>\n<\/div><\/div><\/div><\/div><\/div><\/div><\/section>\n","protected":false},"excerpt":{"rendered":"COM ORGULHO PARRILLERO Nossa hist\u00f3riaEXPERI\u00caNCIA GASTRON\u00d4MICA Quem somos? _________________ Barreto nasce da experi\u00eancia de mais de 20 anos no mundo gastron\u00f4mico. Somos uma equipe que trabalha dia a dia para elaborar experi\u00eancias para nossos clientes, compartilhando o melhor do Sabor Argentino. No Barreto Sabor Argentino, a carne \u00e9 a protagonista. Aqui no Barreto buscamos que...","protected":false},"author":2,"featured_media":0,"parent":0,"menu_order":0,"comment_status":"closed","ping_status":"closed","template":"","meta":{"_joinchat":[],"footnotes":""},"class_list":["post-2918","page","type-page","status-publish","hentry"],"yoast_head":"<!-- This site is optimized with the Yoast SEO plugin v27.4 - https:\/\/yoast.com\/product\/yoast-seo-wordpress\/ -->\n<title>Nossa hist\u00f3ria - Barreto Sabor Argentino<\/title>\n<meta name=\"description\" content=\"Somos uma equipe que trabalha diariamente para projetar experi\u00eancias para nossos clientes compartilhando o melhor do sabor argentino.\" \/>\n<meta name=\"robots\" content=\"index, follow, max-snippet:-1, max-image-preview:large, max-video-preview:-1\" \/>\n<link rel=\"canonical\" href=\"https:\/\/barreto.com.ar\/pt-br\/nossa-historia\/\" \/>\n<meta property=\"og:locale\" content=\"pt_BR\" \/>\n<meta property=\"og:type\" content=\"article\" \/>\n<meta property=\"og:title\" content=\"Nossa hist\u00f3ria - Barreto Sabor Argentino\" \/>\n<meta property=\"og:description\" content=\"Somos uma equipe que trabalha diariamente para projetar experi\u00eancias para nossos clientes compartilhando o melhor do sabor argentino.\" \/>\n<meta property=\"og:url\" content=\"https:\/\/barreto.com.ar\/pt-br\/nossa-historia\/\" \/>\n<meta property=\"og:site_name\" content=\"Barreto La Rural\" \/>\n<meta property=\"article:publisher\" content=\"https:\/\/www.facebook.com\/profile.php?id=61550251381737\" \/>\n<meta property=\"article:modified_time\" content=\"2024-03-18T11:49:33+00:00\" \/>\n<meta name=\"twitter:card\" content=\"summary_large_image\" \/>\n<meta name=\"twitter:label1\" content=\"Est. tempo de leitura\" \/>\n\t<meta name=\"twitter:data1\" content=\"4 minutos\" \/>\n<script type=\"application\/ld+json\" class=\"yoast-schema-graph\">{\"@context\":\"https:\\\/\\\/schema.org\",\"@graph\":[{\"@type\":\"WebPage\",\"@id\":\"https:\\\/\\\/barreto.com.ar\\\/pt-br\\\/nossa-historia\\\/\",\"url\":\"https:\\\/\\\/barreto.com.ar\\\/pt-br\\\/nossa-historia\\\/\",\"name\":\"Nossa hist\u00f3ria - Barreto Sabor Argentino\",\"isPartOf\":{\"@id\":\"https:\\\/\\\/barreto.com.ar\\\/pt-br\\\/#website\"},\"datePublished\":\"2023-08-21T18:49:49+00:00\",\"dateModified\":\"2024-03-18T11:49:33+00:00\",\"description\":\"Somos uma equipe que trabalha diariamente para projetar experi\u00eancias para nossos clientes compartilhando o melhor do sabor argentino.\",\"breadcrumb\":{\"@id\":\"https:\\\/\\\/barreto.com.ar\\\/pt-br\\\/nossa-historia\\\/#breadcrumb\"},\"inLanguage\":\"pt-BR\",\"potentialAction\":[{\"@type\":\"ReadAction\",\"target\":[\"https:\\\/\\\/barreto.com.ar\\\/pt-br\\\/nossa-historia\\\/\"]}]},{\"@type\":\"BreadcrumbList\",\"@id\":\"https:\\\/\\\/barreto.com.ar\\\/pt-br\\\/nossa-historia\\\/#breadcrumb\",\"itemListElement\":[{\"@type\":\"ListItem\",\"position\":1,\"name\":\"Inicio\",\"item\":\"https:\\\/\\\/barreto.com.ar\\\/pt-br\\\/\"},{\"@type\":\"ListItem\",\"position\":2,\"name\":\"Nossa hist\u00f3ria\"}]},{\"@type\":\"WebSite\",\"@id\":\"https:\\\/\\\/barreto.com.ar\\\/pt-br\\\/#website\",\"url\":\"https:\\\/\\\/barreto.com.ar\\\/pt-br\\\/\",\"name\":\"Barreto La Rural\",\"description\":\"\",\"potentialAction\":[{\"@type\":\"SearchAction\",\"target\":{\"@type\":\"EntryPoint\",\"urlTemplate\":\"https:\\\/\\\/barreto.com.ar\\\/pt-br\\\/?s={search_term_string}\"},\"query-input\":{\"@type\":\"PropertyValueSpecification\",\"valueRequired\":true,\"valueName\":\"search_term_string\"}}],\"inLanguage\":\"pt-BR\"}]}<\/script>\n<!-- \/ Yoast SEO plugin. -->","yoast_head_json":{"title":"Nossa hist\u00f3ria - Barreto Sabor Argentino","description":"Somos uma equipe que trabalha diariamente para projetar experi\u00eancias para nossos clientes compartilhando o melhor do sabor argentino.","robots":{"index":"index","follow":"follow","max-snippet":"max-snippet:-1","max-image-preview":"max-image-preview:large","max-video-preview":"max-video-preview:-1"},"canonical":"https:\/\/barreto.com.ar\/pt-br\/nossa-historia\/","og_locale":"pt_BR","og_type":"article","og_title":"Nossa hist\u00f3ria - Barreto Sabor Argentino","og_description":"Somos uma equipe que trabalha diariamente para projetar experi\u00eancias para nossos clientes compartilhando o melhor do sabor argentino.","og_url":"https:\/\/barreto.com.ar\/pt-br\/nossa-historia\/","og_site_name":"Barreto La Rural","article_publisher":"https:\/\/www.facebook.com\/profile.php?id=61550251381737","article_modified_time":"2024-03-18T11:49:33+00:00","twitter_card":"summary_large_image","twitter_misc":{"Est. tempo de leitura":"4 minutos"},"schema":{"@context":"https:\/\/schema.org","@graph":[{"@type":"WebPage","@id":"https:\/\/barreto.com.ar\/pt-br\/nossa-historia\/","url":"https:\/\/barreto.com.ar\/pt-br\/nossa-historia\/","name":"Nossa hist\u00f3ria - Barreto Sabor Argentino","isPartOf":{"@id":"https:\/\/barreto.com.ar\/pt-br\/#website"},"datePublished":"2023-08-21T18:49:49+00:00","dateModified":"2024-03-18T11:49:33+00:00","description":"Somos uma equipe que trabalha diariamente para projetar experi\u00eancias para nossos clientes compartilhando o melhor do sabor argentino.","breadcrumb":{"@id":"https:\/\/barreto.com.ar\/pt-br\/nossa-historia\/#breadcrumb"},"inLanguage":"pt-BR","potentialAction":[{"@type":"ReadAction","target":["https:\/\/barreto.com.ar\/pt-br\/nossa-historia\/"]}]},{"@type":"BreadcrumbList","@id":"https:\/\/barreto.com.ar\/pt-br\/nossa-historia\/#breadcrumb","itemListElement":[{"@type":"ListItem","position":1,"name":"Inicio","item":"https:\/\/barreto.com.ar\/pt-br\/"},{"@type":"ListItem","position":2,"name":"Nossa hist\u00f3ria"}]},{"@type":"WebSite","@id":"https:\/\/barreto.com.ar\/pt-br\/#website","url":"https:\/\/barreto.com.ar\/pt-br\/","name":"Barreto La Rural","description":"","potentialAction":[{"@type":"SearchAction","target":{"@type":"EntryPoint","urlTemplate":"https:\/\/barreto.com.ar\/pt-br\/?s={search_term_string}"},"query-input":{"@type":"PropertyValueSpecification","valueRequired":true,"valueName":"search_term_string"}}],"inLanguage":"pt-BR"}]}},"_hostinger_reach_plugin_has_subscription_block":false,"_hostinger_reach_plugin_is_elementor":false,"_links":{"self":[{"href":"https:\/\/barreto.com.ar\/pt-br\/wp-json\/wp\/v2\/pages\/2918","targetHints":{"allow":["GET"]}}],"collection":[{"href":"https:\/\/barreto.com.ar\/pt-br\/wp-json\/wp\/v2\/pages"}],"about":[{"href":"https:\/\/barreto.com.ar\/pt-br\/wp-json\/wp\/v2\/types\/page"}],"author":[{"embeddable":true,"href":"https:\/\/barreto.com.ar\/pt-br\/wp-json\/wp\/v2\/users\/2"}],"replies":[{"embeddable":true,"href":"https:\/\/barreto.com.ar\/pt-br\/wp-json\/wp\/v2\/comments?post=2918"}],"version-history":[{"count":1,"href":"https:\/\/barreto.com.ar\/pt-br\/wp-json\/wp\/v2\/pages\/2918\/revisions"}],"predecessor-version":[{"id":2919,"href":"https:\/\/barreto.com.ar\/pt-br\/wp-json\/wp\/v2\/pages\/2918\/revisions\/2919"}],"wp:attachment":[{"href":"https:\/\/barreto.com.ar\/pt-br\/wp-json\/wp\/v2\/media?parent=2918"}],"curies":[{"name":"wp","href":"https:\/\/api.w.org\/{rel}","templated":true}]}}