{"id":2924,"date":"2019-07-30T11:25:44","date_gmt":"2019-07-30T14:25:44","guid":{"rendered":"https:\/\/barreto.com.ar\/home\/"},"modified":"2024-04-10T14:08:44","modified_gmt":"2024-04-10T17:08:44","slug":"home","status":"publish","type":"page","link":"https:\/\/barreto.com.ar\/pt-br\/","title":{"rendered":"Home"},"content":{"rendered":"<section class=\"l-section wpb_row height_medium full_height valign_center color_primary with_img parallax_ver\"><div class=\"l-section-img\" role=\"img\" aria-label=\"Barreto Restaurante Parrilla - Las mejores carnes argentinas\" data-img-width=\"1800\" data-img-height=\"1200\" style=\"background-image: url(https:\/\/barreto.com.ar\/wp-content\/uploads\/2023\/08\/home_1.jpg);\"><\/div><div class=\"l-section-h i-cf\"><div class=\"g-cols vc_row via_grid cols_2 laptops-cols_inherit tablets-cols_inherit mobiles-cols_1 valign_top type_default stacking_default\"><div class=\"wpb_column vc_column_container us_custom_edcc8c00 us_animate_this\"><div class=\"vc_column-overlay\" style=\"background:rgba(29,24,21,0.75)\"><\/div><div class=\"vc_column-inner\"><h2 class=\"w-text us_custom_59139a13\"><span class=\"w-text-h\"><span class=\"w-text-value\">Orgulho Parrillero<\/span><\/span><\/h2><div class=\"wpb_text_column\"><div class=\"wpb_wrapper\"><p>Esperamos voc\u00ea no Restaurante Parrilla Barreto para desfrutar de uma experi\u00eancia que une o campo e a cidade atrav\u00e9s de pratos tradicionais, fogos e as melhores carnes argentinas.<\/p>\n<\/div><\/div><div class=\"w-separator size_small\"><\/div><div class=\"w-btn-wrapper align_none\"><a class=\"w-btn us-btn-style_2\" href=\"https:\/\/barreto.com.ar\/pt-br\/nossa-historia\/\"><span class=\"w-btn-label\">Nossa Hist\u00f3ria<\/span><\/a><\/div><\/div><\/div><div class=\"wpb_column vc_column_container\"><div class=\"vc_column-inner\"><\/div><\/div><\/div><\/div><\/section><section class=\"l-section wpb_row height_medium full_height valign_center color_primary with_img parallax_ver\"><div class=\"l-section-img\" role=\"img\" aria-label=\"Barreto Restaurante Parrilla\" data-img-width=\"1800\" data-img-height=\"800\" style=\"background-image: url(https:\/\/barreto.com.ar\/wp-content\/uploads\/2023\/08\/blr_encabezado_menu.jpg);\"><\/div><div class=\"l-section-h i-cf\"><div class=\"g-cols vc_row via_grid cols_2 laptops-cols_inherit tablets-cols_inherit mobiles-cols_1 valign_top type_default stacking_default\"><div class=\"wpb_column vc_column_container us_custom_5dd20c39 us_animate_this\"><div class=\"vc_column-overlay\" style=\"background:rgba(29,24,21,0.75)\"><\/div><div class=\"vc_column-inner\"><h2 class=\"w-text us_custom_59139a13\"><span class=\"w-text-h\"><span class=\"w-text-value\">Sabor Argentino<\/span><\/span><\/h2><div class=\"wpb_text_column\"><div class=\"wpb_wrapper\"><p>Trabalhamos com pratos tradicionais, cortes de carne e acompanhamentos associados \u00e0 cultura e aos costumes argentinos, sem deixar de oferecer propostas inovadoras para todos os paladares.<\/p>\n<\/div><\/div><div class=\"w-separator size_small\"><\/div><div class=\"w-btn-wrapper align_none\"><a class=\"w-btn us-btn-style_3\" href=\"https:\/\/barreto.com.ar\/pt-br\/menu\/\"><span class=\"w-btn-label\">Menu<\/span><\/a><\/div><\/div><\/div><div class=\"wpb_column vc_column_container\"><div class=\"vc_column-inner\"><\/div><\/div><\/div><\/div><\/section><section class=\"l-section wpb_row height_medium full_height valign_center color_primary with_img parallax_ver\"><div class=\"l-section-img\" role=\"img\" aria-label=\"Barreto Restaurante Parrilla - Las mejores carnes argentinas\" data-img-width=\"1800\" data-img-height=\"1200\" style=\"background-image: url(https:\/\/barreto.com.ar\/wp-content\/uploads\/2023\/08\/home_3.jpg);\"><\/div><div class=\"l-section-h i-cf\"><div class=\"g-cols vc_row via_grid cols_2 laptops-cols_inherit tablets-cols_inherit mobiles-cols_1 valign_top type_default stacking_default\"><div class=\"wpb_column vc_column_container us_custom_5dd20c39 us_animate_this\"><div class=\"vc_column-overlay\" style=\"background:rgba(29,24,21,0.75)\"><\/div><div class=\"vc_column-inner\"><h2 class=\"w-text us_custom_59139a13\"><span class=\"w-text-h\"><span class=\"w-text-value\">Especialistas em carnes<\/span><\/span><\/h2><div class=\"wpb_text_column\"><div class=\"wpb_wrapper\"><p>Nossa equipe est\u00e1 esperando voc\u00ea para oferecer uma experi\u00eancia gastron\u00f4mica de alta qualidade repleta de sabores argentinos<\/p>\n<\/div><\/div><div class=\"w-separator size_small\"><\/div><div class=\"w-btn-wrapper align_none\"><a class=\"w-btn us-btn-style_4\" href=\"https:\/\/barreto.com.ar\/pt-br\/nossa-historia\"><span class=\"w-btn-label\">Nossa Hist\u00f3ria<\/span><\/a><\/div><\/div><\/div><div class=\"wpb_column vc_column_container\"><div class=\"vc_column-inner\"><div class=\"w-scroller style_1 pos_right with_dots\" aria-hidden=\"true\" data-speed=\"1000\" data-disablewidth=\"768\"><div class=\"w-scroller-dots\" style=\"font-size:14px;\"><div class=\"w-scroller-dot\" role=\"button\"><span><\/span><\/div><\/div><\/div><\/div><\/div><\/div><\/div><\/section>\n","protected":false},"excerpt":{"rendered":"Orgulho ParrilleroEsperamos voc\u00ea no Restaurante Parrilla Barreto para desfrutar de uma experi\u00eancia que une o campo e a cidade atrav\u00e9s de pratos tradicionais, fogos e as melhores carnes argentinas. Nossa Hist\u00f3riaSabor ArgentinoTrabalhamos com pratos tradicionais, cortes de carne e acompanhamentos associados \u00e0 cultura e aos costumes argentinos, sem deixar de oferecer propostas inovadoras para todos...","protected":false},"author":1,"featured_media":0,"parent":0,"menu_order":0,"comment_status":"closed","ping_status":"closed","template":"","meta":{"_joinchat":[],"footnotes":""},"class_list":["post-2924","page","type-page","status-publish","hentry"],"yoast_head":"<!-- This site is optimized with the Yoast SEO plugin v27.4 - https:\/\/yoast.com\/product\/yoast-seo-wordpress\/ -->\n<title>Barreto Sabor Argentino - Restaurante Grill<\/title>\n<meta name=\"description\" content=\"Esperamos voc\u00ea no Restaurante Parrilla Barreto para desfrutar de uma experi\u00eancia que une o campo e a cidade com um sabor bem argentino.\" \/>\n<meta name=\"robots\" content=\"index, follow, max-snippet:-1, max-image-preview:large, max-video-preview:-1\" \/>\n<link rel=\"canonical\" href=\"https:\/\/barreto.com.ar\/pt-br\/\" \/>\n<meta property=\"og:locale\" content=\"pt_BR\" \/>\n<meta property=\"og:type\" content=\"article\" \/>\n<meta property=\"og:title\" content=\"Barreto Sabor Argentino - Restaurante Grill\" \/>\n<meta property=\"og:description\" content=\"Esperamos voc\u00ea no Restaurante Parrilla Barreto para desfrutar de uma experi\u00eancia que une o campo e a cidade com um sabor bem argentino.\" \/>\n<meta property=\"og:url\" content=\"https:\/\/barreto.com.ar\/pt-br\/\" \/>\n<meta property=\"og:site_name\" content=\"Barreto La Rural\" \/>\n<meta property=\"article:publisher\" content=\"https:\/\/www.facebook.com\/profile.php?id=61550251381737\" \/>\n<meta property=\"article:modified_time\" content=\"2024-04-10T17:08:44+00:00\" \/>\n<meta name=\"twitter:card\" content=\"summary_large_image\" \/>\n<meta name=\"twitter:label1\" content=\"Est. tempo de leitura\" \/>\n\t<meta name=\"twitter:data1\" content=\"2 minutos\" \/>\n<script type=\"application\/ld+json\" class=\"yoast-schema-graph\">{\"@context\":\"https:\\\/\\\/schema.org\",\"@graph\":[{\"@type\":\"WebPage\",\"@id\":\"https:\\\/\\\/barreto.com.ar\\\/pt-br\\\/\",\"url\":\"https:\\\/\\\/barreto.com.ar\\\/pt-br\\\/\",\"name\":\"Barreto Sabor Argentino - Restaurante Grill\",\"isPartOf\":{\"@id\":\"https:\\\/\\\/barreto.com.ar\\\/pt-br\\\/#website\"},\"datePublished\":\"2019-07-30T14:25:44+00:00\",\"dateModified\":\"2024-04-10T17:08:44+00:00\",\"description\":\"Esperamos voc\u00ea no Restaurante Parrilla Barreto para desfrutar de uma experi\u00eancia que une o campo e a cidade com um sabor bem argentino.\",\"breadcrumb\":{\"@id\":\"https:\\\/\\\/barreto.com.ar\\\/pt-br\\\/#breadcrumb\"},\"inLanguage\":\"pt-BR\",\"potentialAction\":[{\"@type\":\"ReadAction\",\"target\":[\"https:\\\/\\\/barreto.com.ar\\\/pt-br\\\/\"]}]},{\"@type\":\"BreadcrumbList\",\"@id\":\"https:\\\/\\\/barreto.com.ar\\\/pt-br\\\/#breadcrumb\",\"itemListElement\":[{\"@type\":\"ListItem\",\"position\":1,\"name\":\"Inicio\",\"item\":\"https:\\\/\\\/barreto.com.ar\\\/pt-br\\\/\"},{\"@type\":\"ListItem\",\"position\":2,\"name\":\"Home\"}]},{\"@type\":\"WebSite\",\"@id\":\"https:\\\/\\\/barreto.com.ar\\\/pt-br\\\/#website\",\"url\":\"https:\\\/\\\/barreto.com.ar\\\/pt-br\\\/\",\"name\":\"Barreto La Rural\",\"description\":\"\",\"potentialAction\":[{\"@type\":\"SearchAction\",\"target\":{\"@type\":\"EntryPoint\",\"urlTemplate\":\"https:\\\/\\\/barreto.com.ar\\\/pt-br\\\/?s={search_term_string}\"},\"query-input\":{\"@type\":\"PropertyValueSpecification\",\"valueRequired\":true,\"valueName\":\"search_term_string\"}}],\"inLanguage\":\"pt-BR\"}]}<\/script>\n<!-- \/ Yoast SEO plugin. -->","yoast_head_json":{"title":"Barreto Sabor Argentino - Restaurante Grill","description":"Esperamos voc\u00ea no Restaurante Parrilla Barreto para desfrutar de uma experi\u00eancia que une o campo e a cidade com um sabor bem argentino.","robots":{"index":"index","follow":"follow","max-snippet":"max-snippet:-1","max-image-preview":"max-image-preview:large","max-video-preview":"max-video-preview:-1"},"canonical":"https:\/\/barreto.com.ar\/pt-br\/","og_locale":"pt_BR","og_type":"article","og_title":"Barreto Sabor Argentino - Restaurante Grill","og_description":"Esperamos voc\u00ea no Restaurante Parrilla Barreto para desfrutar de uma experi\u00eancia que une o campo e a cidade com um sabor bem argentino.","og_url":"https:\/\/barreto.com.ar\/pt-br\/","og_site_name":"Barreto La Rural","article_publisher":"https:\/\/www.facebook.com\/profile.php?id=61550251381737","article_modified_time":"2024-04-10T17:08:44+00:00","twitter_card":"summary_large_image","twitter_misc":{"Est. tempo de leitura":"2 minutos"},"schema":{"@context":"https:\/\/schema.org","@graph":[{"@type":"WebPage","@id":"https:\/\/barreto.com.ar\/pt-br\/","url":"https:\/\/barreto.com.ar\/pt-br\/","name":"Barreto Sabor Argentino - Restaurante Grill","isPartOf":{"@id":"https:\/\/barreto.com.ar\/pt-br\/#website"},"datePublished":"2019-07-30T14:25:44+00:00","dateModified":"2024-04-10T17:08:44+00:00","description":"Esperamos voc\u00ea no Restaurante Parrilla Barreto para desfrutar de uma experi\u00eancia que une o campo e a cidade com um sabor bem argentino.","breadcrumb":{"@id":"https:\/\/barreto.com.ar\/pt-br\/#breadcrumb"},"inLanguage":"pt-BR","potentialAction":[{"@type":"ReadAction","target":["https:\/\/barreto.com.ar\/pt-br\/"]}]},{"@type":"BreadcrumbList","@id":"https:\/\/barreto.com.ar\/pt-br\/#breadcrumb","itemListElement":[{"@type":"ListItem","position":1,"name":"Inicio","item":"https:\/\/barreto.com.ar\/pt-br\/"},{"@type":"ListItem","position":2,"name":"Home"}]},{"@type":"WebSite","@id":"https:\/\/barreto.com.ar\/pt-br\/#website","url":"https:\/\/barreto.com.ar\/pt-br\/","name":"Barreto La Rural","description":"","potentialAction":[{"@type":"SearchAction","target":{"@type":"EntryPoint","urlTemplate":"https:\/\/barreto.com.ar\/pt-br\/?s={search_term_string}"},"query-input":{"@type":"PropertyValueSpecification","valueRequired":true,"valueName":"search_term_string"}}],"inLanguage":"pt-BR"}]}},"_hostinger_reach_plugin_has_subscription_block":false,"_hostinger_reach_plugin_is_elementor":false,"_links":{"self":[{"href":"https:\/\/barreto.com.ar\/pt-br\/wp-json\/wp\/v2\/pages\/2924","targetHints":{"allow":["GET"]}}],"collection":[{"href":"https:\/\/barreto.com.ar\/pt-br\/wp-json\/wp\/v2\/pages"}],"about":[{"href":"https:\/\/barreto.com.ar\/pt-br\/wp-json\/wp\/v2\/types\/page"}],"author":[{"embeddable":true,"href":"https:\/\/barreto.com.ar\/pt-br\/wp-json\/wp\/v2\/users\/1"}],"replies":[{"embeddable":true,"href":"https:\/\/barreto.com.ar\/pt-br\/wp-json\/wp\/v2\/comments?post=2924"}],"version-history":[{"count":5,"href":"https:\/\/barreto.com.ar\/pt-br\/wp-json\/wp\/v2\/pages\/2924\/revisions"}],"predecessor-version":[{"id":3030,"href":"https:\/\/barreto.com.ar\/pt-br\/wp-json\/wp\/v2\/pages\/2924\/revisions\/3030"}],"wp:attachment":[{"href":"https:\/\/barreto.com.ar\/pt-br\/wp-json\/wp\/v2\/media?parent=2924"}],"curies":[{"name":"wp","href":"https:\/\/api.w.org\/{rel}","templated":true}]}}